{"id":545,"date":"2024-02-04T22:26:40","date_gmt":"2024-02-04T21:26:40","guid":{"rendered":"https:\/\/anklangundloesung.ch\/?page_id=545"},"modified":"2026-01-12T18:54:04","modified_gmt":"2026-01-12T17:54:04","slug":"spielraum","status":"publish","type":"page","link":"https:\/\/anklangundloesung.ch\/index.php\/spielraum\/","title":{"rendered":"Spielraum 312"},"content":{"rendered":"\n<p>Das Kollektiv Spielraum teilt sich einen Ort, an dem in verschiedenen Kunstformen, Tanz, Musik, Theater, Malen Platz finden. Die Kollektivmitglieder bringen k\u00fcnstlerische und verschiedenste therapeutische Hintergr\u00fcnde mit. Die Therapieangebote reichen von der expressive Art Therapie \u00fcber Gespr\u00e4chsf\u00fchrung, Psychodrama bis K\u00f6rperarbeit. <\/p>\n\n\n\n<p>Anklang und L\u00f6sung steht der Raum immer freitags zur Verf\u00fcgung. An den Wochenenden wird die Belegung durch das Kollektiv koordiniert.<\/p>\n\n\n\n<p>Einmal im Monat gibt es am Freitag Musik- und Theaterimpro mit Matthias Rauh und Karin B. Friedli <a href=\"https:\/\/anklangundloesung.ch\/index.php\/satientanz-mit-pinguin\/\">Saitentanz mit Pinguin Abende<\/a><\/p>\n\n\n\n<p>Aktuell: Info Abende f\u00fcr Interessierte: Sa 29. Nov um 16 Uhr \/ Mo 15. Dez um 19:30 Uhr<\/p>\n\n\n\n<p>Fr 14. November 2025 18 Uhr Spielraum 312<br><strong>Mantrasingen mit Piu Nandi<\/strong> \/ Piu Nandi und Matthias Rauh<br><a href=\"mailto:matthias.rauh@gmail.com\">Anmeldung<\/a><\/p>\n\n\n\n<div class=\"wp-block-buttons is-layout-flex wp-block-buttons-is-layout-flex\"><\/div>\n\n\n\n<figure class=\"wp-block-image size-large is-resized\"><img loading=\"lazy\" decoding=\"async\" width=\"1024\" height=\"484\" src=\"https:\/\/anklangundloesung.ch\/wp-content\/uploads\/2024\/02\/Spielraum_Fenster20240204_175831-1024x484.png\" alt=\"\" class=\"wp-image-555\" style=\"width:612px;height:290px\"\/><\/figure>\n\n\n\n<p><strong>Adresse:<\/strong><br>ehemalige Klubschule Migros Bern Wankdorf<br>3. Stock Zimmer 312<br><a href=\"https:\/\/www.google.com\/maps\/place\/Wankdorffeldstrasse+90,+3014+Bern\/@46.9653311,7.4548173,17z\/data=!4m6!3m5!1s0x478e39fa11679ff1:0xbbabb74f62e49a8d!8m2!3d46.9656853!4d7.4595234!16s%2Fg%2F11c1w_6lth?entry=ttu\" data-type=\"URL\" data-id=\"https:\/\/www.google.com\/maps\/place\/Wankdorffeldstrasse+90,+3014+Bern\/@46.9653311,7.4548173,17z\/data=!4m6!3m5!1s0x478e39fa11679ff1:0xbbabb74f62e49a8d!8m2!3d46.9656853!4d7.4595234!16s%2Fg%2F11c1w_6lth?entry=ttu\">Wankdorffeldstrasse 90 <br>3014 Bern<\/a><\/p>\n\n\n\n<p>Haupteingang <em>Migros Do it you self<\/em> stadtseitig benutzen Lift Ateliers 3. Stock<br>Falls die Migros geschlossen ist, den Eingang &#8211; Ateliers, der links nach hinten versetzt ist (ca 20 m neben der Rampe), benutzen oder telefonieren. <br><\/p>\n\n\n\n<div class=\"wp-block-group is-nowrap is-layout-flex wp-container-core-group-is-layout-ad2f72ca wp-block-group-is-layout-flex\">\n<p><strong>Hast du Fragen zum Kollektiv Spielraum 312 oder m\u00f6chtest du sich f\u00fcr eine Veranstaltung anmelden? <\/strong><\/p>\n<\/div>\n\n\n\t\t\t<link rel=\"stylesheet\" property=\"stylesheet\" href=\"https:\/\/anklangundloesung.ch\/wp-content\/plugins\/happyforms\/bundles\/css\/frontend.css\" \/>\n\t\t\t\t<!-- HappyForms CSS variables -->\n\t<style>\n\t#happyforms-861 {\n\t\t--happyforms-part-title-font-size: 16px;\n--happyforms-part-description-font-size: 12px;\n--happyforms-part-value-font-size: 16px;\n--happyforms-submit-button-font-size: 16px;\n--happyforms-color-primary: #000000;\n--happyforms-color-success-notice: #ebf9f0;\n--happyforms-color-success-notice-text: #000000;\n--happyforms-color-error: #f23000;\n--happyforms-color-error-notice: #ffeeea;\n--happyforms-color-error-notice-text: #f23000;\n--happyforms-color-part-title: #000000;\n--happyforms-color-part-value: #000000;\n--happyforms-color-part-placeholder: #888888;\n--happyforms-color-part-description: #454545;\n--happyforms-color-part-border: #464941;\n--happyforms-color-part-border-focus: #93998e;\n--happyforms-color-part-background: #e6efed;\n--happyforms-color-part-background-focus: #8d969b;\n--happyforms-color-submit-background: #000000;\n--happyforms-color-submit-background-hover: #000000;\n--happyforms-color-submit-border: ;\n--happyforms-color-submit-text: #ffffff;\n--happyforms-color-submit-text-hover: #ffffff;\n--happyforms-color-table-row-odd: #fcfcfc;\n--happyforms-color-table-row-even: #efefef;\n--happyforms-color-table-row-odd-text: #000000;\n--happyforms-color-table-row-even-text: #000000;\n--happyforms-color-dropdown-item-bg: #ffffff;\n--happyforms-color-dropdown-item-text: #000000;\n--happyforms-color-dropdown-item-bg-hover: #f4f4f5;\n--happyforms-color-dropdown-item-text-hover: #000000;\n--happyforms-color-divider-hr: #cccccc;\n--happyforms-color-choice-checkmark-bg: #ffffff;\n--happyforms-color-choice-checkmark-bg-focus: #000000;\n--happyforms-color-choice-checkmark-color: #ffffff;\n\t}\n\t<\/style>\n\t<!-- End of HappyForms CSS variables -->\n\t\t<!-- HappyForms Additional CSS -->\n\t<style data-happyforms-additional-css>\n\t\t<\/style>\n\t<!-- End of HappyForms Additional CSS -->\n\t\t\t<link rel=\"stylesheet\" type=\"text\/css\" href=\"https:\/\/anklangundloesung.ch\/wp-content\/plugins\/happyforms\/core\/assets\/css\/no-interaction.css\">\n\t\t<div class=\"happyforms-form happyforms-styles\" id=\"happyforms-861\">\n\t\t\n\t<form action=\"\" id=\"happyforms-form-861\" method=\"post\" novalidate=\"true\" autocomplete=\"off\">\n\t\t\t\t<input type=\"hidden\" name=\"happyforms_random_seed\" value=\"3608893091\" \/>\n\t\t\n\t\t\t<input type=\"hidden\" name=\"action\" value=\"happyforms_message\">\n\t\t\t\t<input type=\"hidden\" name=\"client_referer\" value=\"\">\n\t\t\t\t<input type=\"hidden\" name=\"current_post_id\" value=\"\">\n\t\t\t\t<input type=\"hidden\" name=\"happyforms_form_id\" value=\"861\" \/>\n\t\t\t\t<input type=\"hidden\" name=\"happyforms_step\" value=\"0\" \/>\n\t\n\t\t<div class=\"happyforms-flex\">\n\t\t\t\t<label for=\"861-number\" class=\"screen-reader-text\">Lassen Sie dieses Feld leer<\/label>\n\t<input type=\"text\" id=\"861-number\" name=\"861-number\" style=\"display: none;\" tabindex=\"-1\" autocomplete=\"off\" aria-hidden=\"true\">\n\t\t\t\t\t\t\t\t\t\t<div class=\"happyforms-form__part happyforms-part happyforms-part--single_line_text happyforms-part--width-full happyforms-part--label-show\" id=\"happyforms-861_single_line_text_3-part\" data-happyforms-type=\"single_line_text\" data-happyforms-id=\"single_line_text_3\" data-happyforms-required=\"\">\n\t<div class=\"happyforms-part-wrap\">\n\t\t\n\t\t\t\t\t\t<div class=\"happyforms-part__label-container\">\n\t\t\t\t<label for=\"happyforms-861_single_line_text_3\" class=\"happyforms-part__label\">\n\t\t\t<span class=\"label\">Vorname<\/span>\n\t\t\t\t\t\t\t\t\t\t<span class=\"happyforms-required\"><\/span>\n\t\t\t\t\t\t\t\t\t\t<span class=\"happyforms-optional\">(optional)<\/span>\n\t\t\t\t\t<\/label>\n\t\t\t<\/div>\n\t\t\t\n\t\t\n\t\t<div class=\"happyforms-part__el\">\n\t\t\t\n\t\t\t\n\t\t\t<div class=\"happyforms-input\">\n\t\t\t\t\n\t\t\t\t<input id=\"happyforms-861_single_line_text_3\" type=\"text\" name=\"861_single_line_text_3\" value=\"\" placeholder=\"\" autocomplete=\"off\" spellcheck=\"false\"  autocorrect=\"off\" \/>\n\t\t\t\t\t\t\t<\/div>\n\n\t\t\t\n\t\t\t\n\t\t\t\t\t<\/div>\n\t<\/div>\n<\/div>\n<div class=\"happyforms-form__part happyforms-part happyforms-part--single_line_text happyforms-part--width-full happyforms-part--label-show\" id=\"happyforms-861_single_line_text_2-part\" data-happyforms-type=\"single_line_text\" data-happyforms-id=\"single_line_text_2\" data-happyforms-required=\"\">\n\t<div class=\"happyforms-part-wrap\">\n\t\t\n\t\t\t\t\t\t<div class=\"happyforms-part__label-container\">\n\t\t\t\t<label for=\"happyforms-861_single_line_text_2\" class=\"happyforms-part__label\">\n\t\t\t<span class=\"label\">Name<\/span>\n\t\t\t\t\t\t\t\t\t\t<span class=\"happyforms-required\"><\/span>\n\t\t\t\t\t\t\t\t\t\t<span class=\"happyforms-optional\">(optional)<\/span>\n\t\t\t\t\t<\/label>\n\t\t\t<\/div>\n\t\t\t\n\t\t\n\t\t<div class=\"happyforms-part__el\">\n\t\t\t\n\t\t\t\n\t\t\t<div class=\"happyforms-input\">\n\t\t\t\t\n\t\t\t\t<input id=\"happyforms-861_single_line_text_2\" type=\"text\" name=\"861_single_line_text_2\" value=\"\" placeholder=\"\" autocomplete=\"off\" spellcheck=\"false\"  autocorrect=\"off\" \/>\n\t\t\t\t\t\t\t<\/div>\n\n\t\t\t\n\t\t\t\n\t\t\t\t\t<\/div>\n\t<\/div>\n<\/div>\n<div class=\"happyforms-form__part happyforms-part happyforms-part--single_line_text happyforms-part--width-full happyforms-part--label-show\" id=\"happyforms-861_single_line_text_5-part\" data-happyforms-type=\"single_line_text\" data-happyforms-id=\"single_line_text_5\" data-happyforms-required=\"\">\n\t<div class=\"happyforms-part-wrap\">\n\t\t\n\t\t\t\t\t\t<div class=\"happyforms-part__label-container\">\n\t\t\t\t<label for=\"happyforms-861_single_line_text_5\" class=\"happyforms-part__label\">\n\t\t\t<span class=\"label\">Adresse<\/span>\n\t\t\t\t\t\t\t\t\t\t<span class=\"happyforms-required\"><\/span>\n\t\t\t\t\t\t\t\t\t\t<span class=\"happyforms-optional\">(optional)<\/span>\n\t\t\t\t\t<\/label>\n\t\t\t<\/div>\n\t\t\t\n\t\t\n\t\t<div class=\"happyforms-part__el\">\n\t\t\t\n\t\t\t\n\t\t\t<div class=\"happyforms-input\">\n\t\t\t\t\n\t\t\t\t<input id=\"happyforms-861_single_line_text_5\" type=\"text\" name=\"861_single_line_text_5\" value=\"\" placeholder=\"\" autocomplete=\"off\" spellcheck=\"false\"  autocorrect=\"off\" \/>\n\t\t\t\t\t\t\t<\/div>\n\n\t\t\t\n\t\t\t\n\t\t\t\t\t<\/div>\n\t<\/div>\n<\/div>\n<div class=\"happyforms-form__part happyforms-part happyforms-part--single_line_text happyforms-part--width-full happyforms-part--label-show\" id=\"happyforms-861_single_line_text_6-part\" data-happyforms-type=\"single_line_text\" data-happyforms-id=\"single_line_text_6\" data-happyforms-required=\"\">\n\t<div class=\"happyforms-part-wrap\">\n\t\t\n\t\t\t\t\t\t<div class=\"happyforms-part__label-container\">\n\t\t\t\t<label for=\"happyforms-861_single_line_text_6\" class=\"happyforms-part__label\">\n\t\t\t<span class=\"label\">PLZ Ort<\/span>\n\t\t\t\t\t\t\t\t\t\t<span class=\"happyforms-required\"><\/span>\n\t\t\t\t\t\t\t\t\t\t<span class=\"happyforms-optional\">(optional)<\/span>\n\t\t\t\t\t<\/label>\n\t\t\t<\/div>\n\t\t\t\n\t\t\n\t\t<div class=\"happyforms-part__el\">\n\t\t\t\n\t\t\t\n\t\t\t<div class=\"happyforms-input\">\n\t\t\t\t\n\t\t\t\t<input id=\"happyforms-861_single_line_text_6\" type=\"text\" name=\"861_single_line_text_6\" value=\"\" placeholder=\"\" autocomplete=\"off\" spellcheck=\"false\"  autocorrect=\"off\" \/>\n\t\t\t\t\t\t\t<\/div>\n\n\t\t\t\n\t\t\t\n\t\t\t\t\t<\/div>\n\t<\/div>\n<\/div>\n<div class=\"happyforms-form__part happyforms-part happyforms-part--number happyforms-part--width-full happyforms-part--label-show\" id=\"happyforms-861_number_4-part\" data-happyforms-type=\"number\" data-happyforms-id=\"number_4\" data-happyforms-required=\"\">\n\t<div class=\"happyforms-part-wrap\">\n\t\t\n\t\t\t\t\t\t<div class=\"happyforms-part__label-container\">\n\t\t\t\t<label for=\"happyforms-861_number_4\" class=\"happyforms-part__label\">\n\t\t\t<span class=\"label\">Telefon<\/span>\n\t\t\t\t\t\t\t\t\t\t<span class=\"happyforms-required\"><\/span>\n\t\t\t\t\t\t\t\t\t\t<span class=\"happyforms-optional\">(optional)<\/span>\n\t\t\t\t\t<\/label>\n\t\t\t<\/div>\n\t\t\t\n\t\t\n\t\t<div class=\"happyforms-part__el\">\n\t\t\t\n\t\t\t\n\t\t\t<div class=\"happyforms-input\">\n\t\t\t\t\t\t\t\t<input id=\"happyforms-861_number_4\" type=\"number\" value=\"\" name=\"861_number_4\" placeholder=\"\" min=\"\" max=\"\" step=\"1\" autocomplete=\"off\" spellcheck=\"false\" \/>\n\t\t\t\t\t\t\t<\/div>\n\n\t\t\t\n\t\t\t\n\t\t\t\t\t<\/div>\n\t<\/div>\n<\/div>\n<div class=\"happyforms-part--with-autocomplete happyforms-form__part happyforms-part happyforms-part--email happyforms-part--width-full happyforms-part--label-show\" id=\"happyforms-861_email_1-part\" data-happyforms-type=\"email\" data-happyforms-id=\"email_1\" data-happyforms-required=\"\">\n\t\t<div class=\"happyforms-part-wrap\">\n\t\t\t\t\t\t<div class=\"happyforms-part__label-container\">\n\t\t\t\t<label for=\"happyforms-861_email_1\" class=\"happyforms-part__label\">\n\t\t\t<span class=\"label\">E-;Mail<\/span>\n\t\t\t\t\t\t\t\t\t\t<span class=\"happyforms-required\"><\/span>\n\t\t\t\t\t\t\t\t\t\t<span class=\"happyforms-optional\">(optional)<\/span>\n\t\t\t\t\t<\/label>\n\t\t\t<\/div>\n\t\t\t\n\t\t\n\t\t<div class=\"happyforms-part__el\">\n\t\t\t\n\t\t\t\n\t\t\t<div class=\"happyforms-input\">\n\t\t\t\t<input type=\"email\" name=\"861_email_1\" id=\"happyforms-861_email_1\" value=\"\" placeholder=\"\" autocomplete=\"off\" spellcheck=\"false\"  autocorrect=\"off\" \/>\n\t\t\t\t\t\t\t<\/div>\n\n\t\t\t\n\t\t\t\n\t\t\t\t\t<\/div>\n\t<\/div>\n<\/div>\n<div class=\"happyforms-form__part happyforms-part happyforms-part--multi_line_text happyforms-part--width-full happyforms-part--label-show\" id=\"happyforms-861_multi_line_text_7-part\" data-happyforms-type=\"multi_line_text\" data-happyforms-id=\"multi_line_text_7\" data-happyforms-required=\"\">\n\t<div class=\"happyforms-part-wrap\">\n\t\t\t\t\t\t<div class=\"happyforms-part__label-container\">\n\t\t\t\t<label for=\"happyforms-861_multi_line_text_7\" class=\"happyforms-part__label\">\n\t\t\t<span class=\"label\">Bemerkungen<\/span>\n\t\t\t\t\t\t\t\t\t\t<span class=\"happyforms-required\"><\/span>\n\t\t\t\t\t\t\t\t\t\t<span class=\"happyforms-optional\">(optional)<\/span>\n\t\t\t\t\t<\/label>\n\t\t\t<\/div>\n\t\t\t\n\t\t\n\t\t<div class=\"happyforms-part__el\">\n\t\t\t\n\t\t\t\t\t\t<textarea id=\"happyforms-861_multi_line_text_7\" name=\"861_multi_line_text_7\" rows=\"5\" placeholder=\"\" autocomplete=\"off\" spellcheck=\"false\" autocorrect=\"off\" ><\/textarea>\n\t\t\t\n\t\t\t\n\t\t\t\t\t<\/div>\n\t<\/div>\n<\/div>\n\t\t\t\t\t\t<div class=\"happyforms-form__part happyforms-part happyforms-part--submit\">\n\t\t<button type=\"submit\" class=\"happyforms-submit happyforms-button--submit \">Absenden<\/button>\n\t<\/div>\t\t<\/div>\n\n\t\t\t<\/form>\n\n\t<\/div>\n","protected":false},"excerpt":{"rendered":"<p>Das Kollektiv Spielraum teilt sich einen Ort, an dem in verschiedenen Kunstformen, Tanz, Musik, Theater, Malen Platz finden. Die Kollektivmitglieder bringen k\u00fcnstlerische und verschiedenste therapeutische Hintergr\u00fcnde mit. Die Therapieangebote reichen von der expressive Art Therapie \u00fcber Gespr\u00e4chsf\u00fchrung, Psychodrama bis K\u00f6rperarbeit. &hellip; <a href=\"https:\/\/anklangundloesung.ch\/index.php\/spielraum\/\">Weiterlesen <span class=\"meta-nav\">&rarr;<\/span><\/a><\/p>\n","protected":false},"author":1,"featured_media":146,"parent":0,"menu_order":0,"comment_status":"closed","ping_status":"closed","template":"","meta":{"h5ap_radio_sources":[],"footnotes":""},"class_list":["post-545","page","type-page","status-publish","has-post-thumbnail","hentry"],"_links":{"self":[{"href":"https:\/\/anklangundloesung.ch\/index.php\/wp-json\/wp\/v2\/pages\/545","targetHints":{"allow":["GET"]}}],"collection":[{"href":"https:\/\/anklangundloesung.ch\/index.php\/wp-json\/wp\/v2\/pages"}],"about":[{"href":"https:\/\/anklangundloesung.ch\/index.php\/wp-json\/wp\/v2\/types\/page"}],"author":[{"embeddable":true,"href":"https:\/\/anklangundloesung.ch\/index.php\/wp-json\/wp\/v2\/users\/1"}],"replies":[{"embeddable":true,"href":"https:\/\/anklangundloesung.ch\/index.php\/wp-json\/wp\/v2\/comments?post=545"}],"version-history":[{"count":24,"href":"https:\/\/anklangundloesung.ch\/index.php\/wp-json\/wp\/v2\/pages\/545\/revisions"}],"predecessor-version":[{"id":863,"href":"https:\/\/anklangundloesung.ch\/index.php\/wp-json\/wp\/v2\/pages\/545\/revisions\/863"}],"wp:featuredmedia":[{"embeddable":true,"href":"https:\/\/anklangundloesung.ch\/index.php\/wp-json\/wp\/v2\/media\/146"}],"wp:attachment":[{"href":"https:\/\/anklangundloesung.ch\/index.php\/wp-json\/wp\/v2\/media?parent=545"}],"curies":[{"name":"wp","href":"https:\/\/api.w.org\/{rel}","templated":true}]}}