{"id":872,"date":"2026-02-07T21:58:29","date_gmt":"2026-02-07T20:58:29","guid":{"rendered":"https:\/\/anklangundloesung.ch\/?page_id=872"},"modified":"2026-03-14T05:52:30","modified_gmt":"2026-03-14T04:52:30","slug":"das-poetische-clownstueck-gertrude-goes-opera-und-der-film-ich-bin-wer-ich-bin-karin-goes-gertrude","status":"publish","type":"page","link":"https:\/\/anklangundloesung.ch\/index.php\/das-poetische-clownstueck-gertrude-goes-opera-und-der-film-ich-bin-wer-ich-bin-karin-goes-gertrude\/","title":{"rendered":"&#171;Gertrude Goes Opera&#187; Das poetische Clownst\u00fcck und der Film &#171;Ich bin wer ich bin &#8211; Karin goes Gertrude&#187;"},"content":{"rendered":"\n<h2 class=\"wp-block-heading\">Sa 21. M\u00e4rz im Spielraum 312 in Bern eine Art Spielraum Einweihungsanlass<\/h2>\n\n\n\n<p><mark style=\"background-color:#f8ee7a\" class=\"has-inline-color\">Die maximale Anmeldezahl ist erreicht. Anmeldungen werden weiterhin aufgenommen und auf eine Warteliste gesetzt. Wir werden 3 Tage vor dem Anlass kommunizieren, welche nach dem 13.03.2026 eingegangene Anmeldungen noch ber\u00fccksichtigt werden und ob wir ein Alternativdatum anbieten k\u00f6nnen.<\/mark><\/p>\n\n\n\n<p>Im Clown-Theater-St\u00fcck verbindet Karin Friedli als Sopranistin auf einf\u00fchlsame Art, wie Getrude aus dem Schatten ihres grossen Wunsches und ihrer gr\u00f6ssten Angst heraustritt und das Publikum ber\u00fchrend \u00fcberrascht.<\/p>\n\n\n\n<p><strong>18.00 Uhr \u201eGertrude goes Opera\u201c<\/strong><\/p>\n\n\n\n<figure class=\"wp-block-image size-large\"><a href=\"https:\/\/www.karinbfriedli.com\/s-projects-side-by-side\"><img loading=\"lazy\" decoding=\"async\" width=\"1024\" height=\"682\" src=\"https:\/\/anklangundloesung.ch\/wp-content\/uploads\/2026\/02\/Getrude_02_-2026-01-22-at-22.01.38-1024x682.jpg\" alt=\"\" class=\"wp-image-874\" srcset=\"https:\/\/anklangundloesung.ch\/wp-content\/uploads\/2026\/02\/Getrude_02_-2026-01-22-at-22.01.38-1024x682.jpg 1024w, https:\/\/anklangundloesung.ch\/wp-content\/uploads\/2026\/02\/Getrude_02_-2026-01-22-at-22.01.38-300x200.jpg 300w, https:\/\/anklangundloesung.ch\/wp-content\/uploads\/2026\/02\/Getrude_02_-2026-01-22-at-22.01.38-768x512.jpg 768w, https:\/\/anklangundloesung.ch\/wp-content\/uploads\/2026\/02\/Getrude_02_-2026-01-22-at-22.01.38-1536x1023.jpg 1536w, https:\/\/anklangundloesung.ch\/wp-content\/uploads\/2026\/02\/Getrude_02_-2026-01-22-at-22.01.38-450x300.jpg 450w, https:\/\/anklangundloesung.ch\/wp-content\/uploads\/2026\/02\/Getrude_02_-2026-01-22-at-22.01.38.jpg 1600w\" sizes=\"auto, (max-width: 1024px) 100vw, 1024px\" \/><\/a><figcaption class=\"wp-element-caption\">Gertude hat Lampendfieber, <a href=\"https:\/\/www.karinbfriedli.com\/s-projects-side-by-side\" data-type=\"link\" data-id=\"https:\/\/www.karinbfriedli.com\/s-projects-side-by-side\">karinbfriedli.ch<\/a><\/figcaption><\/figure>\n\n\n\n<p><strong><br>20.00 Uhr der mit verschiedenen Preisen ausgezeichnete Film \u00fcber die Entstehung des St\u00fccks: &#171;Ich bin wer ich bin &#8211; Karin goes Getrude\u201c mit Silvia Dittli, Regisseurin<\/strong><\/p>\n\n\n\n<figure class=\"wp-block-image size-full is-resized\"><img loading=\"lazy\" decoding=\"async\" width=\"416\" height=\"234\" src=\"https:\/\/anklangundloesung.ch\/wp-content\/uploads\/2026\/02\/ich-bin-wer-ich-bin_Film_dittlig-Silvia.jpg\" alt=\"\" class=\"wp-image-875\" style=\"aspect-ratio:1.7324310255075481;width:614px;height:auto\" srcset=\"https:\/\/anklangundloesung.ch\/wp-content\/uploads\/2026\/02\/ich-bin-wer-ich-bin_Film_dittlig-Silvia.jpg 416w, https:\/\/anklangundloesung.ch\/wp-content\/uploads\/2026\/02\/ich-bin-wer-ich-bin_Film_dittlig-Silvia-300x169.jpg 300w\" sizes=\"auto, (max-width: 416px) 100vw, 416px\" \/><figcaption class=\"wp-element-caption\">Bild aus dem Film &#171;<a href=\"https:\/\/www.innovage.ch\/netzwerk\/aargau\/projekte-aargau-details\/ich-bin-wer-ich-bin-karin-goes-gertrude\/\" data-type=\"link\" data-id=\"https:\/\/www.innovage.ch\/netzwerk\/aargau\/projekte-aargau-details\/ich-bin-wer-ich-bin-karin-goes-gertrude\/\">Ich bin wer ich bin &#8211; Karin goes Getrude<\/a>&#171;<\/figcaption><\/figure>\n\n\n\n<p>Dazwischen gibt es einen kleinen Imbiss<\/p>\n\n\n\n<p>Kollekte: Ausgleich Fr 30.-  bis 40.-<\/p>\n\n\n\n<div class=\"wp-block-buttons is-layout-flex wp-block-buttons-is-layout-flex\">\n<div class=\"wp-block-button\"><a class=\"wp-block-button__link wp-element-button\" href=\"mailto:spielraum@anklangundloesung.ch\">Anmeldung Warteliste<\/a><\/div>\n<\/div>\n\n\n\n<p><strong>Adresse:<\/strong><br>ehemalige Klubschule Migros Bern Wankdorf<br>3. Stock Zimmer 312<br><a href=\"https:\/\/www.google.com\/maps\/place\/Wankdorffeldstrasse+90,+3014+Bern\/@46.9653311,7.4548173,17z\/data=!4m6!3m5!1s0x478e39fa11679ff1:0xbbabb74f62e49a8d!8m2!3d46.9656853!4d7.4595234!16s%2Fg%2F11c1w_6lth?entry=ttu\">Wankdorffeldstrasse 90<br>3014 Bern<\/a><\/p>\n\n\n\n<p>Haupteingang&nbsp;ehemals <em>Migros Do it you self<\/em>&nbsp;neu <em>Landi<\/em> stadtseitig benutzen Lift Ateliers 3. Stock<br>Der Eingang zu den Ateliers, ist links nach hinten versetzt ist (ca 20 m neben der Rampe) Wir werden die G\u00e4ste unten beim Eingang empfangen.<\/p>\n\n\n\n<h2 class=\"wp-block-heading\">Zum Spielraum Kollektiv 312<\/h2>\n\n\n\n<p>Das Spielraum Kollektiv startete in frischer Kombination im Februar. Im Spielraum k\u00f6nnen polivalente Kunsterfahrungen gemacht werden, gleichzeitig wird der Raum f\u00fcr K\u00f6rperarbeit und als Praxisraum f\u00fcr Theatertherapie und Bewegungstherapie genutzt.<\/p>\n\n\n\n<p>Karin Friedli und Matthias Rauh organisieren im Spielraum gemeinsam &#171;Saitentanz mit Pinguin&#187; ein Theater- und Musikimproanlass zum selbst mitgestalten.<\/p>\n","protected":false},"excerpt":{"rendered":"<p>Sa 21. M\u00e4rz im Spielraum 312 in Bern eine Art Spielraum Einweihungsanlass Die maximale Anmeldezahl ist erreicht. Anmeldungen werden weiterhin aufgenommen und auf eine Warteliste gesetzt. Wir werden 3 Tage vor dem Anlass kommunizieren, welche nach dem 13.03.2026 eingegangene Anmeldungen &hellip; <a href=\"https:\/\/anklangundloesung.ch\/index.php\/das-poetische-clownstueck-gertrude-goes-opera-und-der-film-ich-bin-wer-ich-bin-karin-goes-gertrude\/\">Weiterlesen <span class=\"meta-nav\">&rarr;<\/span><\/a><\/p>\n","protected":false},"author":1,"featured_media":873,"parent":0,"menu_order":0,"comment_status":"closed","ping_status":"closed","template":"","meta":{"h5ap_radio_sources":[],"footnotes":""},"class_list":["post-872","page","type-page","status-publish","has-post-thumbnail","hentry"],"_links":{"self":[{"href":"https:\/\/anklangundloesung.ch\/index.php\/wp-json\/wp\/v2\/pages\/872","targetHints":{"allow":["GET"]}}],"collection":[{"href":"https:\/\/anklangundloesung.ch\/index.php\/wp-json\/wp\/v2\/pages"}],"about":[{"href":"https:\/\/anklangundloesung.ch\/index.php\/wp-json\/wp\/v2\/types\/page"}],"author":[{"embeddable":true,"href":"https:\/\/anklangundloesung.ch\/index.php\/wp-json\/wp\/v2\/users\/1"}],"replies":[{"embeddable":true,"href":"https:\/\/anklangundloesung.ch\/index.php\/wp-json\/wp\/v2\/comments?post=872"}],"version-history":[{"count":14,"href":"https:\/\/anklangundloesung.ch\/index.php\/wp-json\/wp\/v2\/pages\/872\/revisions"}],"predecessor-version":[{"id":938,"href":"https:\/\/anklangundloesung.ch\/index.php\/wp-json\/wp\/v2\/pages\/872\/revisions\/938"}],"wp:featuredmedia":[{"embeddable":true,"href":"https:\/\/anklangundloesung.ch\/index.php\/wp-json\/wp\/v2\/media\/873"}],"wp:attachment":[{"href":"https:\/\/anklangundloesung.ch\/index.php\/wp-json\/wp\/v2\/media?parent=872"}],"curies":[{"name":"wp","href":"https:\/\/api.w.org\/{rel}","templated":true}]}}